{"id":25,"date":"2024-07-12T11:25:39","date_gmt":"2024-07-12T11:25:39","guid":{"rendered":"http:\/\/aleksal.cluster023.hosting.ovh.net\/?page_id=25"},"modified":"2024-09-04T11:08:30","modified_gmt":"2024-09-04T11:08:30","slug":"25-2","status":"publish","type":"page","link":"http:\/\/aleksal.cluster023.hosting.ovh.net\/","title":{"rendered":"Home"},"content":{"rendered":"<p>[et_pb_section fb_built=&#8221;1&#8243; specialty=&#8221;on&#8221; padding_top_1=&#8221;8vw&#8221; padding_top_bottom_link_1=&#8221;false&#8221; padding_left_right_link_1=&#8221;false&#8221; padding_1_tablet=&#8221;0px||||false|false&#8221; padding_1_phone=&#8221;0px||||false|false&#8221; padding_1_last_edited=&#8221;on|desktop&#8221; admin_label=&#8221;Header&#8221; _builder_version=&#8221;4.20.2&#8243; _module_preset=&#8221;default&#8221; background_color=&#8221;gcid-f6a3689d-a668-4350-af50-132b2d07b02b&#8221; background_image=&#8221;http:\/\/aleksal.cluster023.hosting.ovh.net\/wp-content\/uploads\/2024\/07\/Alteration-shop-44.png&#8221; background_position=&#8221;bottom_center&#8221; overflow-x=&#8221;hidden&#8221; overflow-y=&#8221;hidden&#8221; background_last_edited=&#8221;on|tablet&#8221; background_size_tablet=&#8221;contain&#8221; collapsed=&#8221;on&#8221; global_colors_info=&#8221;{%22gcid-f6a3689d-a668-4350-af50-132b2d07b02b%22:%91%22background_color%22%93}&#8221;][et_pb_column type=&#8221;2_3&#8243; specialty_columns=&#8221;2&#8243; _builder_version=&#8221;4.16&#8243; _module_preset=&#8221;default&#8221; custom_padding=&#8221;|||&#8221; global_colors_info=&#8221;{}&#8221; custom_padding__hover=&#8221;|||&#8221;][et_pb_row_inner _builder_version=&#8221;4.19.2&#8243; _module_preset=&#8221;default&#8221; global_colors_info=&#8221;{}&#8221;][et_pb_column_inner saved_specialty_column_type=&#8221;2_3&#8243; _builder_version=&#8221;4.19.2&#8243; _module_preset=&#8221;default&#8221; global_colors_info=&#8221;{}&#8221;][et_pb_text _builder_version=&#8221;4.26.0&#8243; _module_preset=&#8221;22e54c7d-d173-4f9a-b49f-56ba4a041ea0&#8243; text_font=&#8221;Abhaya Libre||||||||&#8221; text_font_size=&#8221;25px&#8221; global_colors_info=&#8221;{}&#8221;]<\/p>\n<h2>Aleksandra Busz Makeup<\/h2>\n<p>[\/et_pb_text][et_pb_text _builder_version=&#8221;4.19.2&#8243; _module_preset=&#8221;4e8a3b05-1553-46d3-89d3-3db2406f9d4d&#8221; global_colors_info=&#8221;{}&#8221;]<\/p>\n<p>Witaj na mojej stronie!<\/p>\n<p>[\/et_pb_text][\/et_pb_column_inner][\/et_pb_row_inner][et_pb_row_inner column_structure=&#8221;1_2,1_2&#8243; _builder_version=&#8221;4.19.2&#8243; _module_preset=&#8221;default&#8221; custom_padding=&#8221;35px|||||&#8221; global_colors_info=&#8221;{}&#8221;][et_pb_column_inner type=&#8221;1_2&#8243; saved_specialty_column_type=&#8221;2_3&#8243; _builder_version=&#8221;4.19.2&#8243; _module_preset=&#8221;default&#8221; global_colors_info=&#8221;{}&#8221;][et_pb_image src=&#8221;http:\/\/aleksal.cluster023.hosting.ovh.net\/wp-content\/uploads\/2024\/08\/Screenshot_20240807_122056_com.huawei.himovie.overseas-1.jpg&#8221; title_text=&#8221;Screenshot_20240807_122056_com.huawei.himovie.overseas&#8221; _builder_version=&#8221;4.26.0&#8243; _module_preset=&#8221;default&#8221; min_height=&#8221;186.9px&#8221; max_height_tablet=&#8221;300px&#8221; max_height_phone=&#8221;300px&#8221; max_height_last_edited=&#8221;on|tablet&#8221; border_radii=&#8221;on|500px|500px|500px|500px&#8221; border_width_all=&#8221;5px&#8221; border_color_all=&#8221;#FFFFFF&#8221; global_colors_info=&#8221;{}&#8221;][\/et_pb_image][\/et_pb_column_inner][et_pb_column_inner type=&#8221;1_2&#8243; saved_specialty_column_type=&#8221;2_3&#8243; _builder_version=&#8221;4.19.2&#8243; _module_preset=&#8221;default&#8221; global_colors_info=&#8221;{}&#8221;][et_pb_text _builder_version=&#8221;4.19.2&#8243; _module_preset=&#8221;6f580d76-7a7d-4764-9ec7-c63c9a7d8385&#8243; global_colors_info=&#8221;{}&#8221;]<\/p>\n<p class=\"font9\" style=\"line-height: 22.5pt;\"><span class=\"color36\">Potrzebujesz profesjonalnego makija\u017cu na wa\u017cn\u0105 okazj\u0119 lub wydarzenie, ale nie potrafisz go wykona\u0107 lub chcesz, aby kto\u015b si\u0119 Tob\u0105 zaj\u0105\u0142?<\/span><o:p><\/o:p><\/p>\n<p class=\"font9\" style=\"line-height: 22.5pt;\"><span class=\"color36\">Zapraszam do skorzystania z moich us\u0142ug &#8211; zadbam o pi\u0119kny i trwa\u0142y makija\u017c.\u00a0<\/span><o:p><\/o:p><\/p>\n<p class=\"font9\" style=\"line-height: 22.5pt;\">\u200b<o:p><\/o:p><\/p>\n<p class=\"font9\" style=\"line-height: 22.5pt;\"><span class=\"color36\">A by\u0107 mo\u017ce chcia\u0142aby\u015b nauczy\u0107 si\u0119 szybko i jednocze\u015bnie poprawnie wykonywa\u0107 sw\u00f3j codzienny\u00a0 makija\u017c? Podczas indywidualnej lekcji makija\u017cu udziel\u0119 cennych\u00a0wskaz\u00f3wek odno\u015bnie codziennej piel\u0119gnacji cery i przeprowadz\u0119 Ci\u0119 przez wszystkie etapy wykonywania makija\u017cu.<\/span><o:p><\/o:p><\/p>\n<p class=\"font9\" style=\"line-height: 22.5pt;\">\u200b<o:p><\/o:p><\/p>\n<p class=\"font9\" style=\"line-height: 22.5pt;\"><span class=\"color36\">Stosuj\u0119 jednorazowe aplikatory oraz regularnie dezynfekuj\u0119 kosmetyki, narz\u0119dzia i\u00a0wszelkie powierzchnie w swoim salonie, dlatego nie musisz obawia\u0107 si\u0119 o higien\u0119.<\/span><o:p><\/o:p><\/p>\n<p class=\"font9\" style=\"line-height: 22.5pt;\">\u200b<o:p><\/o:p><\/p>\n<p class=\"font9\" style=\"line-height: 22.5pt;\"><span class=\"color36\">Serdecznie zapraszam!<\/span><o:p><\/o:p><\/p>\n<p>[\/et_pb_text][\/et_pb_column_inner][\/et_pb_row_inner][\/et_pb_column][et_pb_column type=&#8221;1_3&#8243; _builder_version=&#8221;4.16&#8243; _module_preset=&#8221;default&#8221; custom_padding=&#8221;|||&#8221; global_colors_info=&#8221;{}&#8221; custom_padding__hover=&#8221;|||&#8221;][et_pb_image src=&#8221;http:\/\/aleksal.cluster023.hosting.ovh.net\/wp-content\/uploads\/2024\/07\/Alteration-shop-42.png&#8221; title_text=&#8221;Alteration-shop-42&#8243; align=&#8221;right&#8221; _builder_version=&#8221;4.20.2&#8243; _module_preset=&#8221;default&#8221; background_enable_color=&#8221;off&#8221; width=&#8221;50%&#8221; custom_margin=&#8221;|-15%|-30%||false|false&#8221; global_colors_info=&#8221;{}&#8221;][\/et_pb_image][\/et_pb_column][\/et_pb_section][et_pb_section fb_built=&#8221;1&#8243; admin_label=&#8221;Testimonials&#8221; _builder_version=&#8221;4.20.2&#8243; _module_preset=&#8221;default&#8221; background_color=&#8221;gcid-d69cdd80-7102-4dfa-b2aa-4f565509d968&#8243; custom_padding=&#8221;||6vw||false|false&#8221; collapsed=&#8221;on&#8221; global_colors_info=&#8221;{%22gcid-d69cdd80-7102-4dfa-b2aa-4f565509d968%22:%91%22background_color%22%93}&#8221;][et_pb_row column_structure=&#8221;1_2,1_2&#8243; _builder_version=&#8221;4.20.2&#8243; _module_preset=&#8221;default&#8221; global_colors_info=&#8221;{}&#8221;][et_pb_column type=&#8221;1_2&#8243; _builder_version=&#8221;4.20.2&#8243; _module_preset=&#8221;default&#8221; background_color=&#8221;#FFFFFF&#8221; custom_padding=&#8221;30px|30px|30px|30px|true|true&#8221; custom_padding_last_edited=&#8221;off|desktop&#8221; global_colors_info=&#8221;{}&#8221;][et_pb_text _builder_version=&#8221;4.19.5&#8243; _module_preset=&#8221;f6427777-a246-4206-b7db-0216fabb7302&#8243; header_4_text_color=&#8221;gcid-de4ece06-3f88-4b36-a770-61993e5ab5b4&#8243; text_orientation=&#8221;center&#8221; custom_margin=&#8221;||0px||false|false&#8221; locked=&#8221;off&#8221; global_colors_info=&#8221;{%22gcid-de4ece06-3f88-4b36-a770-61993e5ab5b4%22:%91%22header_4_text_color%22%93}&#8221;]<\/p>\n<h4>\u2605\u2605\u2605\u2605\u2605<\/h4>\n<p>[\/et_pb_text][et_pb_text _builder_version=&#8221;4.26.0&#8243; _module_preset=&#8221;a5600c4d-d592-4230-a298-168e879616a7&#8243; text_orientation=&#8221;center&#8221; locked=&#8221;off&#8221; global_colors_info=&#8221;{}&#8221;]<\/p>\n<p>&#8220;<span class=\"x193iq5w xeuugli x13faqbe x1vvkbs x1xmvt09 x1lliihq x1s928wv xhkezso x1gmr53x x1cpjm7i x1fgarty x1943h6x xudqn12 x3x7a5m x6prxxf xvq8zen xo1l8bm xzsf02u x1yc453h\" dir=\"auto\">Z przyjemno\u015bci\u0105 polecam i zapewniam, \u017ce b\u0119d\u0119 korzysta\u0142a z us\u0142ug pani Aleksandry przy kolejnych okazjach. Makija\u017c, kt\u00f3ry wykona\u0142a Pani Ola by\u0142 stosowny do okazji, utrzymany w trendach, trwa\u0142y i dopasowany do mojego typu urody. Warto zwr\u00f3ci\u0107 uwag\u0119, \u017ce Pani Ola korzysta z kosmetyk\u00f3w dobrej jako\u015bci, dobiera je do sk\u00f3ry klientki, pyta o alergie i uczulenia. W studiu panuje mi\u0142a atmosfera, wn\u0119trze jest estetyczne i przede wszystkim bardzo zadbane. Polecam!<\/span>&#8220;<\/p>\n<p>[\/et_pb_text][\/et_pb_column][et_pb_column type=&#8221;1_2&#8243; _builder_version=&#8221;4.19.5&#8243; _module_preset=&#8221;default&#8221; background_color=&#8221;#FFFFFF&#8221; vertical_offset_tablet=&#8221;60px&#8221; vertical_offset_phone=&#8221;60px&#8221; vertical_offset_last_edited=&#8221;on|tablet&#8221; custom_padding=&#8221;30px|30px|30px|30px|true|true&#8221; global_colors_info=&#8221;{}&#8221;][et_pb_text _builder_version=&#8221;4.19.5&#8243; _module_preset=&#8221;f6427777-a246-4206-b7db-0216fabb7302&#8243; header_4_text_color=&#8221;gcid-de4ece06-3f88-4b36-a770-61993e5ab5b4&#8243; text_orientation=&#8221;center&#8221; custom_margin=&#8221;||0px||false|false&#8221; locked=&#8221;off&#8221; global_colors_info=&#8221;{%22gcid-de4ece06-3f88-4b36-a770-61993e5ab5b4%22:%91%22header_4_text_color%22%93}&#8221;]<\/p>\n<h4>\u2605\u2605\u2605\u2605\u2605<\/h4>\n<p>[\/et_pb_text][et_pb_text _builder_version=&#8221;4.26.0&#8243; _module_preset=&#8221;a5600c4d-d592-4230-a298-168e879616a7&#8243; text_orientation=&#8221;center&#8221; locked=&#8221;off&#8221; global_colors_info=&#8221;{}&#8221;]<\/p>\n<p>&#8220;<span class=\"x193iq5w xeuugli x13faqbe x1vvkbs x1xmvt09 x1lliihq x1s928wv xhkezso x1gmr53x x1cpjm7i x1fgarty x1943h6x xudqn12 x3x7a5m x6prxxf xvq8zen xo1l8bm xzsf02u x1yc453h\" dir=\"auto\">Kilka dni temu by\u0142am na indywidualnej lekcji makija\u017cu u Oli. Ola bezdyskusyjnie jest specjalistk\u0105 w swej dziedzinie (ju\u017c jaki\u015b czas temu malowa\u0142a mnie do mojej sesji fotograficznej i efekt by\u0142 powalaj\u0105cy). Niezwykle profesjonalna, cierpliwa i zaanga\u017cowana. W bardzo mi\u0142y i przyst\u0119pny spos\u00f3b przekaza\u0142a mi niezb\u0119dn\u0105 wiedz\u0119, a tak\u017ce, co najwa\u017cniejsze, da\u0142a mi mo\u017cliwo\u015b\u0107 nauki w praktyce:). Bardzo doceniam tak\u017ce prac\u0119 Oli za indywidualne podej\u015bcie (dob\u00f3r kosmetyk\u00f3w do piel\u0119gnacji i <span class=\"html-span xdj266r x11i5rnm xat24cr x1mh8g0r xexx8yu x4uap5 x18d9i69 xkhd6sd x1hl2dhg x16tdsg8 x1vvkbs\"><a class=\"html-a xdj266r x11i5rnm xat24cr x1mh8g0r xexx8yu x4uap5 x18d9i69 xkhd6sd x1hl2dhg x16tdsg8 x1vvkbs\" tabindex=\"-1\"><\/a><\/span>kosmetyk\u00f3w kolorowych dok\u0142adnie pod k\u0105tem mojego typu cery). Polecam serdecznie ka\u017cdemu, kto ma ochot\u0119 zg\u0142\u0119bi\u0107 tajniki makija\u017cu.<\/span>&#8220;<\/p>\n<p>[\/et_pb_text][\/et_pb_column][\/et_pb_row][et_pb_row column_structure=&#8221;1_2,1_2&#8243; _builder_version=&#8221;4.20.2&#8243; _module_preset=&#8221;default&#8221; global_colors_info=&#8221;{}&#8221;][et_pb_column type=&#8221;1_2&#8243; _builder_version=&#8221;4.19.5&#8243; _module_preset=&#8221;default&#8221; background_color=&#8221;#FFFFFF&#8221; vertical_offset_tablet=&#8221;60px&#8221; vertical_offset_phone=&#8221;60px&#8221; vertical_offset_last_edited=&#8221;on|tablet&#8221; custom_padding=&#8221;30px|30px|30px|30px|true|true&#8221; global_colors_info=&#8221;{}&#8221;][et_pb_text _builder_version=&#8221;4.19.5&#8243; _module_preset=&#8221;f6427777-a246-4206-b7db-0216fabb7302&#8243; header_4_text_color=&#8221;gcid-de4ece06-3f88-4b36-a770-61993e5ab5b4&#8243; text_orientation=&#8221;center&#8221; custom_margin=&#8221;||0px||false|false&#8221; locked=&#8221;off&#8221; global_colors_info=&#8221;{%22gcid-de4ece06-3f88-4b36-a770-61993e5ab5b4%22:%91%22header_4_text_color%22%93}&#8221;]<\/p>\n<h4>\u2605\u2605\u2605\u2605\u2605<\/h4>\n<p>[\/et_pb_text][et_pb_text _builder_version=&#8221;4.26.0&#8243; _module_preset=&#8221;a5600c4d-d592-4230-a298-168e879616a7&#8243; text_orientation=&#8221;center&#8221; locked=&#8221;off&#8221; global_colors_info=&#8221;{}&#8221;]<\/p>\n<p>&#8220;<span class=\"x193iq5w xeuugli x13faqbe x1vvkbs x1xmvt09 x1lliihq x1s928wv xhkezso x1gmr53x x1cpjm7i x1fgarty x1943h6x xudqn12 x3x7a5m x6prxxf xvq8zen xo1l8bm xzsf02u x1yc453h\" dir=\"auto\">Serdecznie polecam makija\u017c wykonany przez Ol\u0119! Starannie wykonany z dba\u0142o\u015bci\u0105 o szczeg\u00f3\u0142y! Wytrzyma\u0142 ca\u0142\u0105 noc (od ok. 10:00 do 6:00 rano przy podr\u00f3\u017cy i ci\u0105g\u0142ych ta\u0144cach !!!) wida\u0107, \u017ce Ola wk\u0142ada ca\u0142e serce w wykonanie makija\u017cu a co najwa\u017cniejsze, dobiera go w taki spos\u00f3b, aby czu\u0107 si\u0119 komfortowo i bez efektu maski! Mocno polecam! Z pewno\u015bci\u0105 jeszcze skorzystam<\/span>.&#8221;<\/p>\n<p>[\/et_pb_text][\/et_pb_column][et_pb_column type=&#8221;1_2&#8243; _builder_version=&#8221;4.20.2&#8243; _module_preset=&#8221;default&#8221; background_color=&#8221;#FFFFFF&#8221; custom_padding=&#8221;30px|30px|30px|30px|true|true&#8221; custom_padding_last_edited=&#8221;off|desktop&#8221; global_colors_info=&#8221;{}&#8221;][et_pb_text _builder_version=&#8221;4.19.5&#8243; _module_preset=&#8221;f6427777-a246-4206-b7db-0216fabb7302&#8243; header_4_text_color=&#8221;gcid-de4ece06-3f88-4b36-a770-61993e5ab5b4&#8243; text_orientation=&#8221;center&#8221; custom_margin=&#8221;||0px||false|false&#8221; locked=&#8221;off&#8221; global_colors_info=&#8221;{%22gcid-de4ece06-3f88-4b36-a770-61993e5ab5b4%22:%91%22header_4_text_color%22%93}&#8221;]<\/p>\n<h4>\u2605\u2605\u2605\u2605\u2605<\/h4>\n<p>[\/et_pb_text][et_pb_text _builder_version=&#8221;4.26.0&#8243; _module_preset=&#8221;a5600c4d-d592-4230-a298-168e879616a7&#8243; text_orientation=&#8221;center&#8221; locked=&#8221;off&#8221; global_colors_info=&#8221;{}&#8221;]<\/p>\n<p>&#8220;<span class=\"x193iq5w xeuugli x13faqbe x1vvkbs x1xmvt09 x1lliihq x1s928wv xhkezso x1gmr53x x1cpjm7i x1fgarty x1943h6x xudqn12 x3x7a5m x6prxxf xvq8zen xo1l8bm xzsf02u x1yc453h\" dir=\"auto\">Pierwsza osoba, kt\u00f3ra od pocz\u0105tku robi mi brwi dok\u0142adnie takie, jakie chc\u0119. Zawsze wychodz\u0119 zadowolona. Termin wizyty zawsze do dogadania, mi\u0142a atmosfera, doskona\u0142a praca. Polecam!<\/span>&#8220;<\/p>\n<p>[\/et_pb_text][\/et_pb_column][\/et_pb_row][et_pb_row _builder_version=&#8221;4.20.2&#8243; _module_preset=&#8221;default&#8221; positioning=&#8221;absolute&#8221; position_origin_a=&#8221;bottom_center&#8221; width=&#8221;100%&#8221; max_width=&#8221;none&#8221; locked=&#8221;off&#8221; global_colors_info=&#8221;{}&#8221;][et_pb_column type=&#8221;4_4&#8243; _builder_version=&#8221;4.19.2&#8243; _module_preset=&#8221;default&#8221; global_colors_info=&#8221;{}&#8221;][\/et_pb_column][\/et_pb_row][\/et_pb_section][et_pb_section fb_built=&#8221;1&#8243; admin_label=&#8221;Footer&#8221; _builder_version=&#8221;4.20.2&#8243; _module_preset=&#8221;default&#8221; background_color=&#8221;#B25758&#8243; saved_tabs=&#8221;all&#8221; collapsed=&#8221;on&#8221; global_colors_info=&#8221;{}&#8221;][et_pb_row column_structure=&#8221;1_2,1_2&#8243; _builder_version=&#8221;4.19.2&#8243; _module_preset=&#8221;default&#8221; global_colors_info=&#8221;{}&#8221;][et_pb_column type=&#8221;1_2&#8243; _builder_version=&#8221;4.19.2&#8243; _module_preset=&#8221;default&#8221; global_colors_info=&#8221;{}&#8221;][et_pb_text _builder_version=&#8221;4.26.0&#8243; _module_preset=&#8221;f7958bca-cd25-42d1-8ce6-9af155149435&#8243; header_3_text_color=&#8221;#FFFFFF&#8221; hover_enabled=&#8221;0&#8243; locked=&#8221;off&#8221; global_colors_info=&#8221;{}&#8221; sticky_enabled=&#8221;0&#8243;]<\/p>\n<h3>Studio wiza\u017cu<\/h3>\n<p>[\/et_pb_text][et_pb_text _builder_version=&#8221;4.26.0&#8243; _module_preset=&#8221;a5600c4d-d592-4230-a298-168e879616a7&#8243; text_text_color=&#8221;#FFFFFF&#8221; hover_enabled=&#8221;0&#8243; global_colors_info=&#8221;{}&#8221; sticky_enabled=&#8221;0&#8243;]<\/p>\n<p>Profesjonalne i kompleksowe us\u0142ugi wiza\u017cu &#8211; makija\u017c oraz stylizacja w\u0142os\u00f3w. Ponadto stylizacja brwi.<\/p>\n<p>Zapraszam<\/p>\n<p>[\/et_pb_text][et_pb_social_media_follow _builder_version=&#8221;4.26.0&#8243; _module_preset=&#8221;default&#8221; hover_enabled=&#8221;0&#8243; locked=&#8221;off&#8221; global_colors_info=&#8221;{}&#8221; sticky_enabled=&#8221;0&#8243;][et_pb_social_media_follow_network social_network=&#8221;facebook&#8221; _builder_version=&#8221;4.26.0&#8243; _module_preset=&#8221;default&#8221; hover_enabled=&#8221;0&#8243; global_colors_info=&#8221;{}&#8221; follow_button=&#8221;off&#8221; url_new_window=&#8221;on&#8221; url=&#8221;https:\/\/www.facebook.com\/aleksandrabuszmakeup\/&#8221; sticky_enabled=&#8221;0&#8243;]facebook[\/et_pb_social_media_follow_network][et_pb_social_media_follow_network social_network=&#8221;instagram&#8221; _builder_version=&#8221;4.26.0&#8243; _module_preset=&#8221;default&#8221; hover_enabled=&#8221;0&#8243; global_colors_info=&#8221;{}&#8221; follow_button=&#8221;off&#8221; url_new_window=&#8221;on&#8221; url=&#8221;https:\/\/www.instagram.com\/aleksandrabusz.makeup\/reels\/?locale=en-GB&#8221; sticky_enabled=&#8221;0&#8243;]instagram[\/et_pb_social_media_follow_network][\/et_pb_social_media_follow][\/et_pb_column][et_pb_column type=&#8221;1_2&#8243; _builder_version=&#8221;4.19.2&#8243; _module_preset=&#8221;default&#8221; global_colors_info=&#8221;{}&#8221;][et_pb_text _builder_version=&#8221;4.26.0&#8243; _module_preset=&#8221;f7958bca-cd25-42d1-8ce6-9af155149435&#8243; header_3_text_color=&#8221;#FFFFFF&#8221; hover_enabled=&#8221;0&#8243; locked=&#8221;off&#8221; global_colors_info=&#8221;{}&#8221; sticky_enabled=&#8221;0&#8243;]<\/p>\n<h3>Dane teleadresowe<\/h3>\n<p>[\/et_pb_text][et_pb_text _builder_version=&#8221;4.26.0&#8243; _module_preset=&#8221;a5600c4d-d592-4230-a298-168e879616a7&#8243; text_text_color=&#8221;#FFFFFF&#8221; link_text_color=&#8221;#FFFFFF&#8221; custom_margin=&#8221;||10px||false|false&#8221; hover_enabled=&#8221;0&#8243; locked=&#8221;off&#8221; global_colors_info=&#8221;{}&#8221; sticky_enabled=&#8221;0&#8243;]<\/p>\n<p>+48 668-247-019<\/p>\n<p>[\/et_pb_text][et_pb_text _builder_version=&#8221;4.26.0&#8243; _module_preset=&#8221;a5600c4d-d592-4230-a298-168e879616a7&#8243; text_text_color=&#8221;#FFFFFF&#8221; link_text_color=&#8221;#FFFFFF&#8221; custom_margin=&#8221;||10px||false|false&#8221; hover_enabled=&#8221;0&#8243; locked=&#8221;off&#8221; global_colors_info=&#8221;{}&#8221; sticky_enabled=&#8221;0&#8243;]<\/p>\n<p><a href=\"mailto:#\">aleksandrabuszmakeup@gmail.com<\/a><\/p>\n<p>[\/et_pb_text][et_pb_text _builder_version=&#8221;4.26.0&#8243; _module_preset=&#8221;a5600c4d-d592-4230-a298-168e879616a7&#8243; text_text_color=&#8221;#FFFFFF&#8221; link_text_color=&#8221;#FFFFFF&#8221; hover_enabled=&#8221;0&#8243; locked=&#8221;off&#8221; global_colors_info=&#8221;{}&#8221; sticky_enabled=&#8221;0&#8243;]<\/p>\n<p>ul. Sza\u0142wiowa 7b<\/p>\n<p>55-003 Krzyk\u00f3w<\/p>\n<p>[\/et_pb_text][\/et_pb_column][\/et_pb_row][\/et_pb_section]<\/p>\n","protected":false},"excerpt":{"rendered":"<p>Aleksandra Busz MakeupWitaj na mojej stronie!Potrzebujesz profesjonalnego makija\u017cu na wa\u017cn\u0105 okazj\u0119 lub wydarzenie, ale nie potrafisz go wykona\u0107 lub chcesz, aby kto\u015b si\u0119 Tob\u0105 zaj\u0105\u0142? Zapraszam do skorzystania z moich us\u0142ug &#8211; zadbam o pi\u0119kny i trwa\u0142y makija\u017c.\u00a0 \u200b A by\u0107 mo\u017ce chcia\u0142aby\u015b nauczy\u0107 si\u0119 szybko i jednocze\u015bnie poprawnie wykonywa\u0107 sw\u00f3j codzienny\u00a0 makija\u017c? Podczas indywidualnej [&hellip;]<\/p>\n","protected":false},"author":1,"featured_media":0,"parent":0,"menu_order":0,"comment_status":"closed","ping_status":"closed","template":"","meta":{"_et_pb_use_builder":"on","_et_pb_old_content":"","_et_gb_content_width":"","footnotes":""},"class_list":["post-25","page","type-page","status-publish","hentry"],"_links":{"self":[{"href":"http:\/\/aleksal.cluster023.hosting.ovh.net\/index.php?rest_route=\/wp\/v2\/pages\/25","targetHints":{"allow":["GET"]}}],"collection":[{"href":"http:\/\/aleksal.cluster023.hosting.ovh.net\/index.php?rest_route=\/wp\/v2\/pages"}],"about":[{"href":"http:\/\/aleksal.cluster023.hosting.ovh.net\/index.php?rest_route=\/wp\/v2\/types\/page"}],"author":[{"embeddable":true,"href":"http:\/\/aleksal.cluster023.hosting.ovh.net\/index.php?rest_route=\/wp\/v2\/users\/1"}],"replies":[{"embeddable":true,"href":"http:\/\/aleksal.cluster023.hosting.ovh.net\/index.php?rest_route=%2Fwp%2Fv2%2Fcomments&post=25"}],"version-history":[{"count":8,"href":"http:\/\/aleksal.cluster023.hosting.ovh.net\/index.php?rest_route=\/wp\/v2\/pages\/25\/revisions"}],"predecessor-version":[{"id":210,"href":"http:\/\/aleksal.cluster023.hosting.ovh.net\/index.php?rest_route=\/wp\/v2\/pages\/25\/revisions\/210"}],"wp:attachment":[{"href":"http:\/\/aleksal.cluster023.hosting.ovh.net\/index.php?rest_route=%2Fwp%2Fv2%2Fmedia&parent=25"}],"curies":[{"name":"wp","href":"https:\/\/api.w.org\/{rel}","templated":true}]}}